  {"id":18,"date":"2023-09-12T00:30:25","date_gmt":"2023-09-12T00:30:25","guid":{"rendered":"https:\/\/remote-expeditions.com\/?page_id=18"},"modified":"2025-05-04T20:58:03","modified_gmt":"2025-05-05T01:58:03","slug":"demander","status":"publish","type":"page","link":"https:\/\/remote-expeditions.com\/fr\/demander\/","title":{"rendered":"Demander"},"content":{"rendered":"<style>\n    .ff_conv_app_9 { background-color: #101010; }.ff_conv_app_9 .ffc-counter-div span { color: rgb(255, 255, 255); }.ff_conv_app_9 .ffc-counter-div .counter-icon-span svg { fill: rgb(255, 255, 255) !important; }.ff_conv_app_9 .f-label-wrap, .ff_conv_app_9 .f-answer { color: rgb(255, 255, 255) !important; }.ff_conv_app_9 .f-label-wrap .f-key { border-color: rgb(255, 255, 255) !important; }.ff_conv_app_9 .f-label-wrap .f-key-hint { border-color: rgb(255, 255, 255) !important; }.ff_conv_app_9 .f-answer .f-radios-wrap ul li { background-color: rgba(255, 255, 255,0.1) !important; border: 1px solid rgb(255, 255, 255); }.ff_conv_app_9 .f-answer .f-radios-wrap ul li:focus { background-color: rgba(255, 255, 255,0.3) !important }.ff_conv_app_9 .f-answer .f-radios-wrap ul li:hover { background-color: rgba(255, 255, 255,0.3) !important }.ff_conv_app_9 .f-answer .f-radios-wrap ul li.f-selected .f-key { background-color: rgb(255, 255, 255) !important; color: white; }.ff_conv_app_9 .f-answer .f-radios-wrap ul li.f-selected .f-key-hint { background-color: rgb(255, 255, 255); }.ff_conv_app_9 .f-answer .f-radios-wrap ul li.f-selected svg { fill: rgb(255, 255, 255) !important; }.ff_conv_app_9 .f-answer input, .ff_conv_app_9 .f-answer textarea{ color: rgb(255, 255, 255) !important; box-shadow: rgb(255, 255, 255)  0px 1px; }.ff_conv_app_9 .f-answer input:focus, .ff_conv_app_9 .f-answer textarea:focus { box-shadow: rgb(255, 255, 255)  0px 2px !important; }.ff_conv_app_9 .f-answer textarea::placeholder, .ff_conv_app_9 .f-answer input::placeholder { color: rgb(255, 255, 255) !important; }.ff_conv_app_9 .text-success { color: rgb(255, 255, 255) !important; }.ff_conv_app_9 .f-answer .f-matrix-table tbody td { background-color: rgba(255, 255, 255,0.1); }.ff_conv_app_9 .f-answer .f-matrix-table input { border-color: rgba(255, 255, 255,0.8); }.ff_conv_app_9 .f-answer .f-matrix-table input.f-radio-control:checked::after { background-color: rgb(255, 255, 255); }.ff_conv_app_9 .f-answer .f-matrix-table input:focus::before { border-color: rgb(255, 255, 255); }.ff_conv_app_9 .f-answer .f-matrix-table input.f-checkbox-control:checked { background-color: rgb(255, 255, 255); }.ff_conv_app_9 .f-answer .f-matrix-table tbody tr::after { border-right-color: rgb(255, 255, 255); }.ff_conv_app_9 .f-answer .f-matrix-table .f-table-cell.f-row-cell { box-shadow: rgba(255, 255, 255,0.1) 0px 0px 0px 100vh inset; }.ff_conv_app_9 .f-answer .ff_file_upload_field_wrap { background-color: rgba(255, 255, 255,0.1); border-color: rgba(255, 255, 255,0.8); }.ff_conv_app_9 .f-answer .ff_file_upload_field_wrap:hover { background-color: rgba(255, 255, 255,0.3);}.ff_conv_app_9 .f-answer .ff_file_upload_field_wrap:focus-within { background-color: rgba(255, 255, 255,0.3); }.ff_conv_app_9 .f-answer .ff-upload-preview { border-color: rgba(255, 255, 255,0.8); }.ff_conv_app_9 .f-answer .ff-upload-preview .ff-upload-thumb { background-color: rgba(255, 255, 255,0.3); }.ff_conv_app_9 .f-answer .ff-upload-preview .ff-upload-details { border-left-color: rgba(255, 255, 255,0.8); }.ff_conv_app_9 .f-answer .ff-upload-preview .ff-upload-details .ff-el-progress { border-left-color: rgba(255, 255, 255,0.8); }.ff_conv_app_9 .f-answer .ff-upload-preview .ff-upload-details .ff-el-progress { background-color: rgba(255, 255, 255,0.1); }.ff_conv_app_9 .f-answer .ff-upload-preview .ff-upload-details .ff-el-progress .ff-el-progress-bar { background-color: rgb(255, 255, 255); }.ff_conv_app_9 .f-answer .f-star-wrap .f-star-field-wrap::before { background-color: rgb(255, 255, 255); }.ff_conv_app_9 .f-answer .f-star-wrap .f-star-field-wrap .f-star-field .f-star-field-star .symbolOutline { fill: rgb(255, 255, 255); }.ff_conv_app_9 .f-answer .f-star-wrap .f-star-field-wrap .f-star-field .f-star-field-rating { color: rgb(255, 255, 255); }.ff_conv_app_9 .f-answer .f-star-wrap .f-star-field-wrap.is-hovered .symbolFill { fill: rgba(255, 255, 255,0.1); }.ff_conv_app_9 .f-answer .f-star-wrap .f-star-field-wrap.is-selected .symbolFill { fill: rgb(255, 255, 255); }.ff_conv_app_9 .f-answer .f-payment-summary-wrap tbody td { background-color: rgba(255, 255, 255,0.1); }.ff_conv_app_9 .f-answer .f-payment-summary-wrap tfoot th { background-color: rgba(255, 255, 255,0.1); }.ff_conv_app_9 .f-answer .stripe-inline-holder { border-bottom: 1px solid rgb(255, 255, 255); }.ff_conv_app_9 .f-answer .StripeElement--focus { border-bottom: 2.5px solid rgb(255, 255, 255); }.ff_conv_app_9 .ff_conv_input .f-info { color: rgb(255, 255, 255); }.ff_conv_app_9 .f-answer .el-slider__runway {background-color: rgb(255, 255, 255);}.ff_conv_app_9 .fh2 .f-text { color: rgb(255, 255, 255); }.ff_conv_app_9 .fh2 .f-tagline, .ff_conv_app_9 .f-sub .f-help { color: rgba(255, 255, 255,0.70); }.ff_conv_app_9 .fh2 .stripe-inline-header { color: rgb(255, 255, 255); }.ff_conv_app_9 .q-inner .o-btn-action, .ff_conv_app_9 .footer-inner-wrap .f-nav { background-color: rgb(251, 206, 55); }.ff_conv_app_9 .q-inner .o-btn-action span, .ff_conv_app_9 .footer-inner-wrap .f-nav a { color: rgb(0, 0, 0); } .ff_conv_app_9 .f-enter .f-enter-desc { color: rgb(251, 206, 55); }.ff_conv_app_9 .footer-inner-wrap .f-nav a svg { fill: rgb(0, 0, 0); }.ff_conv_app_9 .vff-footer .f-progress-bar { background-color: rgba(251, 206, 55,0.3); }.ff_conv_app_9 .vff-footer .f-progress-bar-inner { background-color: rgb(251, 206, 55); }.ff_conv_app_9 .q-inner .o-btn-action:hover { background-color: rgb(251, 206, 55)D6; }.ff_conv_app_9 .q-inner .o-btn-action:focus::after { border-radius: 6px; inset: -3px; box-shadow: rgb(251, 206, 55) 0px 0px 0px 2px; }.ff_conv_app_9 .f-answer .f-radios-wrap ul li.f-selected .f-key { color: #101010; }.ff_conv_app_9 .footer-inner-wrap .f-nav a.ffc_power { display: none !important; } .ff-btn-submit { background-color: #409EFF; color: #ffffff; }<\/style>\n<div class=\"ffc_conv_wrapper ffc_inline_form\">\n    <div class=\"frm-fluent-form ff_conv_app fluent_form_9 ff_conv_app_frame ff_conv_app_9 ffc_media_hide_mob_no\" data-form_id=\"9\">\n        <div data-var_name=\"fluent_forms_global_var_1\" class=\"ffc_conv_form\" style=\"width: 100%\" id=\"ffc_app_instance_1\"><\/div>\n    <\/div>\n<\/div>","protected":false},"excerpt":{"rendered":"<p>Vous r\u00eavez de voyager ? Demandez \u00e0 le r\u00e9aliser.<\/p>","protected":false},"author":1,"featured_media":0,"parent":0,"menu_order":18,"comment_status":"closed","ping_status":"closed","template":"","meta":{"_acf_changed":false,"_seopress_robots_primary_cat":"","_seopress_titles_title":"Inquire","_seopress_titles_desc":"Dreaming of travel? Inquire now to turn your wanderlust into reality\u2014start your journey today!","_seopress_robots_index":"","footnotes":""},"class_list":["post-18","page","type-page","status-publish","hentry"],"acf":[],"_links":{"self":[{"href":"https:\/\/remote-expeditions.com\/fr\/wp-json\/wp\/v2\/pages\/18","targetHints":{"allow":["GET"]}}],"collection":[{"href":"https:\/\/remote-expeditions.com\/fr\/wp-json\/wp\/v2\/pages"}],"about":[{"href":"https:\/\/remote-expeditions.com\/fr\/wp-json\/wp\/v2\/types\/page"}],"author":[{"embeddable":true,"href":"https:\/\/remote-expeditions.com\/fr\/wp-json\/wp\/v2\/users\/1"}],"replies":[{"embeddable":true,"href":"https:\/\/remote-expeditions.com\/fr\/wp-json\/wp\/v2\/comments?post=18"}],"version-history":[{"count":0,"href":"https:\/\/remote-expeditions.com\/fr\/wp-json\/wp\/v2\/pages\/18\/revisions"}],"wp:attachment":[{"href":"https:\/\/remote-expeditions.com\/fr\/wp-json\/wp\/v2\/media?parent=18"}],"curies":[{"name":"wp","href":"https:\/\/api.w.org\/{rel}","templated":true}]}}