  {"id":42934,"date":"2023-12-21T23:06:12","date_gmt":"2023-12-22T03:06:12","guid":{"rendered":"https:\/\/remote-expeditions.com\/?page_id=42934"},"modified":"2025-05-04T21:12:36","modified_gmt":"2025-05-05T02:12:36","slug":"boutique","status":"publish","type":"page","link":"https:\/\/remote-expeditions.com\/fr\/boutique\/","title":{"rendered":"Ma Boutique de Photographie, Achetez vos tirages aujourd'hui"},"content":{"rendered":"<script type='text\/javascript' src='https:\/\/fineartamerica.com\/widgetshoppingcart\/widgetscripts.php'><\/script>\n<iframe id='pixelsshoppingcartiframe' src='https:\/\/fineartamerica.com\/widgetshoppingcart\/artwork.html?memberidtype=artistid&#038;memberid=1212020&#038;domainid=0&#038;showheader=0&#038;height=600&#038;autoheight=true' style='display: inline-block; width: 100%; height: 820px; border: none; overflow: hidden;'><\/iframe>","protected":false},"excerpt":{"rendered":"<p>Des r\u00e9cits de voyage racont\u00e9s par l'art : Apportez les v\u00f4tres \u00e0 la maison aujourd'hui.<\/p>","protected":false},"author":1,"featured_media":0,"parent":0,"menu_order":3,"comment_status":"closed","ping_status":"closed","template":"","meta":{"_acf_changed":false,"_seopress_robots_primary_cat":"","_seopress_titles_title":"My Photography Boutique \u2013 Buy Stunning Travel Prints Today | Travel Tales Told Through Art","_seopress_titles_desc":"Discover stunning travel photography prints at My Photography Boutique\u2014bring captivating stories to your walls today! Buy your prints now.","_seopress_robots_index":"","footnotes":""},"class_list":["post-42934","page","type-page","status-publish","hentry"],"acf":[],"_links":{"self":[{"href":"https:\/\/remote-expeditions.com\/fr\/wp-json\/wp\/v2\/pages\/42934","targetHints":{"allow":["GET"]}}],"collection":[{"href":"https:\/\/remote-expeditions.com\/fr\/wp-json\/wp\/v2\/pages"}],"about":[{"href":"https:\/\/remote-expeditions.com\/fr\/wp-json\/wp\/v2\/types\/page"}],"author":[{"embeddable":true,"href":"https:\/\/remote-expeditions.com\/fr\/wp-json\/wp\/v2\/users\/1"}],"replies":[{"embeddable":true,"href":"https:\/\/remote-expeditions.com\/fr\/wp-json\/wp\/v2\/comments?post=42934"}],"version-history":[{"count":0,"href":"https:\/\/remote-expeditions.com\/fr\/wp-json\/wp\/v2\/pages\/42934\/revisions"}],"wp:attachment":[{"href":"https:\/\/remote-expeditions.com\/fr\/wp-json\/wp\/v2\/media?parent=42934"}],"curies":[{"name":"wp","href":"https:\/\/api.w.org\/{rel}","templated":true}]}}